{"id":2266,"date":"2025-01-14T18:09:07","date_gmt":"2025-01-14T17:09:07","guid":{"rendered":"https:\/\/www.nmb-booking.com\/legal-notice\/"},"modified":"2025-03-18T09:49:51","modified_gmt":"2025-03-18T08:49:51","slug":"legal-notice","status":"publish","type":"page","link":"https:\/\/www.nmb-booking.com\/en\/legal-notice\/","title":{"rendered":"Legal notice"},"content":{"rendered":"\t\t<div data-elementor-type=\"wp-page\" data-elementor-id=\"2266\" class=\"elementor elementor-2266 elementor-3\" data-elementor-post-type=\"page\">\n\t\t\t\t<div class=\"elementor-element elementor-element-97814f0 e-con-full e-flex e-con e-parent\" data-id=\"97814f0\" data-element_type=\"container\" data-settings=\"{&quot;background_background&quot;:&quot;classic&quot;}\">\n\t\t\t\t<div class=\"elementor-element elementor-element-9914829 elementor-widget elementor-widget-heading\" data-id=\"9914829\" data-element_type=\"widget\" data-widget_type=\"heading.default\">\n\t\t\t\t<div class=\"elementor-widget-container\">\n\t\t\t\t\t<h1 class=\"elementor-heading-title elementor-size-default\">Legal notice<\/h1>\t\t\t\t<\/div>\n\t\t\t\t<\/div>\n\t\t\t\t<\/div>\n\t\t<div class=\"elementor-element elementor-element-13ae48d e-flex e-con-boxed e-con e-parent\" data-id=\"13ae48d\" data-element_type=\"container\" data-settings=\"{&quot;background_background&quot;:&quot;classic&quot;}\">\n\t\t\t\t\t<div class=\"e-con-inner\">\n\t\t<div class=\"elementor-element elementor-element-24587da e-con-full e-flex e-con e-child\" data-id=\"24587da\" data-element_type=\"container\" data-settings=\"{&quot;background_background&quot;:&quot;classic&quot;}\">\n\t\t<div class=\"elementor-element elementor-element-7409be0 e-con-full e-flex e-con e-child\" data-id=\"7409be0\" data-element_type=\"container\">\n\t\t\t\t<div class=\"elementor-element elementor-element-207e1ee elementor-widget elementor-widget-heading\" data-id=\"207e1ee\" data-element_type=\"widget\" data-widget_type=\"heading.default\">\n\t\t\t\t<div class=\"elementor-widget-container\">\n\t\t\t\t\t<h3 class=\"elementor-heading-title elementor-size-default\">Site editor<\/h3>\t\t\t\t<\/div>\n\t\t\t\t<\/div>\n\t\t\t\t<div class=\"elementor-element elementor-element-7fe92a5 elementor-widget elementor-widget-text-editor\" data-id=\"7fe92a5\" data-element_type=\"widget\" data-widget_type=\"text-editor.default\">\n\t\t\t\t<div class=\"elementor-widget-container\">\n\t\t\t\t\t\t\t\t\t<p><strong>FZL PROD<\/strong><br \/>Responsable \u00e9ditorial : Marion Berthet<br \/>15 boulevard Carnot 42600 Montbrison<br \/>Licence : 807 705 595 00013<br \/>T\u00e9l\u00e9phone : 06 19 33 65 39<br \/>Email : <a href=\"mailto:contact@fzlprod.com\">contact@fzlprod.com<\/a><br \/>Site Web : <a href=\"https:\/\/www.fzlprod.com\">www.<span style=\"font-size: 1rem;\">fzlprod.com<\/span><\/a><\/p>\n\t\t\t\t\t\t\t\t<\/div>\n\t\t\t\t<\/div>\n\t\t\t\t<\/div>\n\t\t<div class=\"elementor-element elementor-element-d5a7b31 e-con-full e-flex e-con e-child\" data-id=\"d5a7b31\" data-element_type=\"container\">\n\t\t\t\t<div class=\"elementor-element elementor-element-e5f4269 elementor-widget elementor-widget-heading\" data-id=\"e5f4269\" data-element_type=\"widget\" data-widget_type=\"heading.default\">\n\t\t\t\t<div class=\"elementor-widget-container\">\n\t\t\t\t\t<h3 class=\"elementor-heading-title elementor-size-default\">Hosting<\/h3>\t\t\t\t<\/div>\n\t\t\t\t<\/div>\n\t\t\t\t<div class=\"elementor-element elementor-element-bd326d1 elementor-widget elementor-widget-text-editor\" data-id=\"bd326d1\" data-element_type=\"widget\" data-widget_type=\"text-editor.default\">\n\t\t\t\t<div class=\"elementor-widget-container\">\n\t\t\t\t\t\t\t\t\t<p>H\u00e9bergeur : OVH<br \/>2 rue Kellermann \u2013 59100 Roubaix<br \/>Site Web : <a href=\"http:\/\/www.ovh.net\/\" target=\"_blank\" rel=\"noopener noreferrer\">www.ovh.net<\/a><\/p>\n\t\t\t\t\t\t\t\t<\/div>\n\t\t\t\t<\/div>\n\t\t\t\t<\/div>\n\t\t<div class=\"elementor-element elementor-element-7306d25 e-con-full e-flex e-con e-child\" data-id=\"7306d25\" data-element_type=\"container\">\n\t\t\t\t<div class=\"elementor-element elementor-element-3cce45e elementor-widget elementor-widget-heading\" data-id=\"3cce45e\" data-element_type=\"widget\" data-widget_type=\"heading.default\">\n\t\t\t\t<div class=\"elementor-widget-container\">\n\t\t\t\t\t<h3 class=\"elementor-heading-title elementor-size-default\">Design &amp; development<\/h3>\t\t\t\t<\/div>\n\t\t\t\t<\/div>\n\t\t\t\t<div class=\"elementor-element elementor-element-06cc869 elementor-widget elementor-widget-text-editor\" data-id=\"06cc869\" data-element_type=\"widget\" data-widget_type=\"text-editor.default\">\n\t\t\t\t<div class=\"elementor-widget-container\">\n\t\t\t\t\t\t\t\t\t<p>Nicolas LAFAY \u2013 Webdesigner<br \/>Tel : 06 88 06 63 37<br \/><a href=\"mailto:contact@nicolafay.com\">contact@nicolafay.com<\/a><\/p>\n\t\t\t\t\t\t\t\t<\/div>\n\t\t\t\t<\/div>\n\t\t\t\t<\/div>\n\t\t\t\t<\/div>\n\t\t\t\t\t<\/div>\n\t\t\t\t<\/div>\n\t\t<div class=\"elementor-element elementor-element-d88a84a e-flex e-con-boxed e-con e-parent\" data-id=\"d88a84a\" data-element_type=\"container\" data-settings=\"{&quot;background_background&quot;:&quot;classic&quot;}\">\n\t\t\t\t\t<div class=\"e-con-inner\">\n\t\t<div class=\"elementor-element elementor-element-37b5cbf e-con-full e-flex e-con e-child\" data-id=\"37b5cbf\" data-element_type=\"container\" data-settings=\"{&quot;background_background&quot;:&quot;classic&quot;}\">\n\t\t\t\t<div class=\"elementor-element elementor-element-eca1cd4 elementor-widget elementor-widget-heading\" data-id=\"eca1cd4\" data-element_type=\"widget\" data-widget_type=\"heading.default\">\n\t\t\t\t<div class=\"elementor-widget-container\">\n\t\t\t\t\t<h3 class=\"elementor-heading-title elementor-size-default\">Privacy policy<\/h3>\t\t\t\t<\/div>\n\t\t\t\t<\/div>\n\t\t\t\t<div class=\"elementor-element elementor-element-4e3249f elementor-widget elementor-widget-spacer\" data-id=\"4e3249f\" data-element_type=\"widget\" data-widget_type=\"spacer.default\">\n\t\t\t\t<div class=\"elementor-widget-container\">\n\t\t\t\t\t\t\t<div class=\"elementor-spacer\">\n\t\t\t<div class=\"elementor-spacer-inner\"><\/div>\n\t\t<\/div>\n\t\t\t\t\t\t<\/div>\n\t\t\t\t<\/div>\n\t\t\t\t<div class=\"elementor-element elementor-element-dd2fcc7 elementor-widget elementor-widget-text-editor\" data-id=\"dd2fcc7\" data-element_type=\"widget\" data-widget_type=\"text-editor.default\">\n\t\t\t\t<div class=\"elementor-widget-container\">\n\t\t\t\t\t\t\t\t\t<h4>INTRODUCTION<\/h4>\n<p>Dans le cadre de son activit\u00e9, FZL Prod, propri\u00e9taire du site nmb-booking.com, dont le si\u00e8ge social est situ\u00e9 15 boulevard carnot 42600 Montbrison, est amen\u00e9e \u00e0 collecter et \u00e0 traiter des informations dont certaines sont qualifi\u00e9es de \u00ab donn\u00e9es personnelles \u00bb. FZL Prod attache une grande importance au respect de la vie priv\u00e9e, et n\u2019utilise que des donn\u00e9es de mani\u00e8re responsable et confidentielle et dans une finalit\u00e9 pr\u00e9cise. <\/p>\n<p> <\/p>\n<h4>DONN\u00c9ES PERSONNELLES<\/h4>\n<p>Sur le site web nmb-booking.com, il y a 2 types de donn\u00e9es susceptibles d\u2019\u00eatre recueillies :<\/p>\n<ul>\n<li>Les donn\u00e9es transmises directement : Ces donn\u00e9es sont celles que vous nous transmettez directement, via un formulaire de contact ou bien par contact direct par email. Sont obligatoires dans le formulaire d&#8217;inscription \u00e0 la newsletter le champs \u00ab Email \u00bb. <\/li>\n<li>Les donn\u00e9es collect\u00e9es automatiquement : Lors de vos visites, une fois votre consentement donn\u00e9, nous pouvons recueillir des informations de type \u00ab web analytics \u00bb relatives \u00e0 votre navigation, la dur\u00e9e de votre consultation, votre adresse IP, votre type et version de navigateur. La technologie utilis\u00e9e est le cookie. <\/li>\n<\/ul>\n<p> <\/p>\n<h4>UTILISATION DES DONN\u00c9ES<\/h4>\n<p>Les donn\u00e9es que vous nous transmettez directement sont utilis\u00e9es dans le but de vous re-contacter et\/ou dans le cadre de la demande que vous nous faites. Les donn\u00e9es \u00ab web analytics \u00bb sont collect\u00e9es de forme anonyme (en enregistrant des adresses IP anonymes) par Google Analytics, et nous permettent de mesurer l\u2019audience de notre site web, les consultations et les \u00e9ventuelles erreurs afin d\u2019am\u00e9liorer constamment l\u2019exp\u00e9rience des utilisateurs. Ces donn\u00e9es sont utilis\u00e9es par FZL prod, responsable du traitement des donn\u00e9es, et ne seront jamais c\u00e9d\u00e9es \u00e0 un tiers ni utilis\u00e9es \u00e0 d\u2019autres fins que celles d\u00e9taill\u00e9es ci-dessus.  <\/p>\n<p> <\/p>\n<h4>BASE L\u00c9GALE<\/h4>\n<p>Les donn\u00e9es personnelles ne sont collect\u00e9es qu\u2019apr\u00e8s consentement obligatoire de l\u2019utilisateur. Ce consentement est valablement recueilli (boutons et cases \u00e0 cocher), libre, clair et sans \u00e9quivoque. <\/p>\n<p> <\/p>\n<h4>DUR\u00c9E DE CONSERVATION<\/h4>\n<p>Les donn\u00e9es seront sauvegard\u00e9es durant une dur\u00e9e maximale de 3 ans.<\/p>\n<p> <\/p>\n<h4>COOKIES<\/h4>\n<p>Voici la liste des cookies utilis\u00e9es et leur objectif :<\/p>\n<ul>\n<li>Cookies Google Analytics (liste exhaustive) : Web analytics<\/li>\n<li>Cookie Notice : Permet de garder en m\u00e9moire le fait que vous acceptez les cookies afin de ne plus vous importuner lors de votre prochaine visite.<\/li>\n<\/ul>\n<p> <\/p>\n<h4>VOS DROITS CONCERNANT LES DONN\u00c9ES PERSONNELLES<\/h4>\n<p>Vous avez le droit de consultation, demande de modification ou d\u2019effacement sur l\u2019ensemble de vos donn\u00e9es personnelles. Vous pouvez \u00e9galement retirer votre consentement au traitement de vos donn\u00e9es. <\/p>\n<p> <\/p>\n<h4>CONTACT D\u00c9L\u00c9GU\u00c9 \u00c0 LA PROTECTION DES DONN\u00c9ES<\/h4>\n<p>Marion Berthet \u2013 contact@fzlprod.com<\/p>\t\t\t\t\t\t\t\t<\/div>\n\t\t\t\t<\/div>\n\t\t\t\t<\/div>\n\t\t\t\t\t<\/div>\n\t\t\t\t<\/div>\n\t\t\t\t<\/div>\n\t\t","protected":false},"excerpt":{"rendered":"<p>Legal notice Site editor FZL PRODResponsable \u00e9ditorial : Marion Berthet15 boulevard Carnot 42600 MontbrisonLicence : 807 705 595 00013T\u00e9l\u00e9phone : 06 19 33 65 39Email : contact@fzlprod.comSite Web : www.fzlprod.com Hosting H\u00e9bergeur : OVH2 rue Kellermann \u2013 59100 RoubaixSite Web : www.ovh.net Design &amp; development Nicolas LAFAY \u2013 WebdesignerTel : 06 88 06 63 37contact@nicolafay.com [&hellip;]<\/p>\n","protected":false},"author":1,"featured_media":0,"parent":0,"menu_order":0,"comment_status":"closed","ping_status":"closed","template":"","meta":{"_acf_changed":false,"_seopress_robots_primary_cat":"","_seopress_titles_title":"","_seopress_titles_desc":"","_seopress_robots_index":"yes","inline_featured_image":false,"footnotes":""},"class_list":["post-2266","page","type-page","status-publish","hentry"],"acf":[],"_links":{"self":[{"href":"https:\/\/www.nmb-booking.com\/en\/wp-json\/wp\/v2\/pages\/2266","targetHints":{"allow":["GET"]}}],"collection":[{"href":"https:\/\/www.nmb-booking.com\/en\/wp-json\/wp\/v2\/pages"}],"about":[{"href":"https:\/\/www.nmb-booking.com\/en\/wp-json\/wp\/v2\/types\/page"}],"author":[{"embeddable":true,"href":"https:\/\/www.nmb-booking.com\/en\/wp-json\/wp\/v2\/users\/1"}],"replies":[{"embeddable":true,"href":"https:\/\/www.nmb-booking.com\/en\/wp-json\/wp\/v2\/comments?post=2266"}],"version-history":[{"count":3,"href":"https:\/\/www.nmb-booking.com\/en\/wp-json\/wp\/v2\/pages\/2266\/revisions"}],"predecessor-version":[{"id":2275,"href":"https:\/\/www.nmb-booking.com\/en\/wp-json\/wp\/v2\/pages\/2266\/revisions\/2275"}],"wp:attachment":[{"href":"https:\/\/www.nmb-booking.com\/en\/wp-json\/wp\/v2\/media?parent=2266"}],"curies":[{"name":"wp","href":"https:\/\/api.w.org\/{rel}","templated":true}]}}